{"id":5858,"date":"2025-03-07T07:10:16","date_gmt":"2025-03-07T07:10:16","guid":{"rendered":"https:\/\/sunnyclockprod.dev.displayme.net\/impressum\/"},"modified":"2025-03-07T09:32:01","modified_gmt":"2025-03-07T09:32:01","slug":"impressum","status":"publish","type":"page","link":"https:\/\/sunnyclock.com\/it\/impressum\/","title":{"rendered":"Standard di sicurezza per la protezione dei bambini"},"content":{"rendered":"<p>La sicurezza di tutti i nostri utenti \u00e8 una priorit\u00e0 assoluta per SUNNYCLOCK AG (&#8220;SUNNYCLOCK&#8221;) e ci impegniamo a garantire che la nostra piattaforma sia un luogo sicuro e rispettoso. In conformit\u00e0 con gli standard di sicurezza per i bambini di Google Play, abbiamo stabilito i seguenti standard di sicurezza per la protezione dall&#8217;abuso e dallo sfruttamento sessuale dei minori e per il rispetto delle leggi vigenti in materia di protezione dei minori.<\/p>\n\n\n<h4 class=\"wp-block-heading\">\u200d1.   Tolleranza zero nei confronti dell&#8217;abuso e dello sfruttamento sessuale dei minori (CSAE)<\/h4>\n\n\n<p>Abbiamo una politica di tolleranza zero nei confronti dell&#8217;abuso sessuale e dello sfruttamento dei minori (CSAE) sulla nostra piattaforma. Tutti gli account coinvolti in tali attivit\u00e0 saranno bloccati in modo permanente e segnalati alle autorit\u00e0 competenti per ulteriori azioni.<\/p>\n\n\n<h4 class=\"wp-block-heading\">\u200d2. Linee guida contro lo CSAE<\/h4>\n\n\n<p>SUNNYCLOCK vieta ditassativamente :<\/p>\n<ul>\n<li>la divulgazione, la sollecitazione o la promozione di materiale pedopornografico (CSAM).<\/li>\n<li>l&#8217;uso della piattaforma per l&#8217;adescamento, lo sfruttamento o qualsiasi altro comportamento che metta in pericolo i bambini.<\/li>\n<li>qualsiasi contenuto o le comunicazione che leggi sulla protezione dei minorivioli.<\/li>\n<\/ul>\n\n\n<h4 class=\"wp-block-heading\">3.   Messaggio<\/h4>\n\n\n<p>Gli utenti possono segnalare comportamenti o contenuti inappropriati inviando un&#8217;e-mail a ask @sunnyclock.com.<\/p>\n<p>Inoltre, comportamenti o contenuti inappropriati nell&#8217;app SUNNYCLOCK possono essere segnalati tramite le impostazioni del gruppo utilizzando la funzione &#8220;Segnala gruppo&#8221;.<\/p>\n\n\n<h4 class=\"wp-block-heading\"><strong>4.   Misure relative alle rappresentazioni di abusi sessuali su minori (CSAM)<\/strong><\/h4>\n\n\n<p>In caso di segnalazione di materiale pedopornografico (CSAM), SUNNYCLOCK:<\/p>\n<ul>\n<li>elimina immediatamente il contenuto illegale e blocca l&#8217;account responsabile.<\/li>\n<li>segnala il contenuto in questione al National Center for Missing and Exploited Children (NCMEC) o ad altre autorit\u00e0 competenti in conformit\u00e0 con le leggi applicabili.<\/li>\n<li>coopera pienamente con le autorit\u00e0 di polizia per garantire un&#8217;azione rapida.<\/li>\n<\/ul>\n\n\n<h4 class=\"wp-block-heading\">5. Conformit\u00e0 alle leggi sulla protezione dei minori<\/h4>\n\n\n<p>SUNNYCLOCK aderisce a tutte le leggi applicabili in materia di protezione dei minori, comprese le seguenti:<\/p>\n<ul>\n<li>Riconoscere e denunciare lo sfruttamento sessuale dei minori.<\/li>\n<li>Norme di protezione dei dati e di sicurezza per la tutela dei minori.<\/li>\n<\/ul>\n\n\n<h4 class=\"wp-block-heading\">6.   Punto di contatto per le misure relative alla sicurezza dei minori<\/h4>\n\n\n<p>L&#8217;azienda ha nominato un responsabile della sicurezza dei minori, Fabio Rusca, che monitora il rispetto di questi standard di sicurezza e si occupa delle relative questioni. Per richieste, segnalazioni o ulteriore supporto in materia di sicurezza dei minori, contatta il suddetto responsabile all&#8217;indirizzo e-mail ask@sunnyclock.com.<\/p>\n\n\n<h4 class=\"wp-block-heading\">7.   Applicazione degli standard di sicurezza<\/h4>\n\n\n<p>Il mancato rispetto di questi standard di sicurezza pu\u00f2 comportare la sospensione o la cancellazione dell&#8217;account e, nei casi pi\u00f9 gravi, la segnalazione alle autorit\u00e0 preposte all&#8217;applicazione della legge. SUNNYCLOCK si riserva il diritto di aggiornare questi standard di sicurezza in conformit\u00e0 con le modifiche degli standard di sicurezza per la protezione dei minori e delle leggi applicabili.<\/p>\n\n\n<h4 class=\"wp-block-heading\">\u200d8.&nbsp;  Immediate misure in caso di pericolo<\/h4>\n\n\n<p>Se sospetti che un bambino sia in pericolo immediato, contatta immediatamente le forze dell&#8217;ordine locali. Se trovi contenuti che violano questi standard di sicurezza, segnalali tramite l&#8217;opzione Feedback nell&#8217;app o direttamente via e-mail a ask@sunnylock.com.<\/p>\n<p>Ulteriori informazioni sugli standard di sicurezza per i bambini e sui requisiti specifici sono disponibili sul sito web ufficiale <a href=\"https:\/\/support.google.com\/googleplay\/android-developer\/answer\/14747720?hl=en\">Google Play Standard di sicurezza per la protezione dei bambini<\/a>.<\/p>\n\n\n<h4 class=\"wp-block-heading\">\u200d9.   Utilizzo del sito web e dell&#8217;app da parte di minori<\/h4>\n\n\n<p>Il sito web e l&#8217;app SUNNYCLOCK sono rivolti a un pubblico adulto. Ai minori, in particolare ai bambini di et\u00e0 inferiore ai 16 anni, \u00e8 vietato trasmetterci i propri dati personali o registrarsi a un servizio senza il consenso o l&#8217;approvazione dei genitori o dei tutori legali. Se scopriamo che tali dati ci sono stati trasmessi, questi verranno cancellati. I genitori (o il rappresentante legale) del bambino possono contattarci e richiedere la cancellazione o la cancellazione dell&#8217;iscrizione. Per fare ci\u00f2, abbiamo bisogno di una copia di un documento ufficiale che ti identifichi come genitore o tutore legale.<\/p>\n<p>Versione 1.0 &#8211; 03.07.2025<\/p>","protected":false},"excerpt":{"rendered":"<p>La sicurezza di tutti i nostri utenti \u00e8 una priorit\u00e0 assoluta per SUNNYCLOCK AG (&#8220;SUNNYCLOCK&#8221;) e ci impegniamo a garantire che la nostra piattaforma sia un luogo sicuro e rispettoso. In conformit\u00e0 con gli standard di sicurezza per i bambini di Google Play, abbiamo stabilito i seguenti standard di sicurezza per la protezione dall&#8217;abuso e [&hellip;]<\/p>\n","protected":false},"author":3,"featured_media":0,"parent":0,"menu_order":0,"comment_status":"closed","ping_status":"closed","template":"page-templates\/content-page.php","meta":{"om_disable_all_campaigns":false,"inline_featured_image":false,"_monsterinsights_skip_tracking":false,"_monsterinsights_sitenote_active":false,"_monsterinsights_sitenote_note":"","_monsterinsights_sitenote_category":0,"footnotes":""},"class_list":["post-5858","page","type-page","status-publish","hentry"],"aioseo_notices":[],"featured_image_urls_v2":{"full":"","thumbnail":"","medium":"","medium_large":"","large":"","1536x1536":"","2048x2048":""},"post_excerpt_stackable_v2":"<p>La sicurezza di tutti i nostri utenti \u00e8 una priorit\u00e0 assoluta per SUNNYCLOCK AG (&#8220;SUNNYCLOCK&#8221;) e ci impegniamo a garantire che la nostra piattaforma sia un luogo sicuro e rispettoso. In conformit\u00e0 con gli standard di sicurezza per i bambini di Google Play, abbiamo stabilito i seguenti standard di sicurezza per la protezione dall&#8217;abuso e dallo sfruttamento sessuale dei minori e per il rispetto delle leggi vigenti in materia di protezione dei minori. \u200d1. Tolleranza zero nei confronti dell&#8217;abuso e dello sfruttamento sessuale dei minori (CSAE) Abbiamo una politica di tolleranza zero nei confronti dell&#8217;abuso sessuale e dello sfruttamento dei&hellip;<\/p>\n","category_list_v2":"","author_info_v2":{"name":"Sunnyclock Admin","url":"https:\/\/sunnyclock.com\/it\/author\/sunny_admin\/"},"comments_num_v2":"0 commenti","_links":{"self":[{"href":"https:\/\/sunnyclock.com\/it\/wp-json\/wp\/v2\/pages\/5858","targetHints":{"allow":["GET"]}}],"collection":[{"href":"https:\/\/sunnyclock.com\/it\/wp-json\/wp\/v2\/pages"}],"about":[{"href":"https:\/\/sunnyclock.com\/it\/wp-json\/wp\/v2\/types\/page"}],"author":[{"embeddable":true,"href":"https:\/\/sunnyclock.com\/it\/wp-json\/wp\/v2\/users\/3"}],"replies":[{"embeddable":true,"href":"https:\/\/sunnyclock.com\/it\/wp-json\/wp\/v2\/comments?post=5858"}],"version-history":[{"count":4,"href":"https:\/\/sunnyclock.com\/it\/wp-json\/wp\/v2\/pages\/5858\/revisions"}],"predecessor-version":[{"id":5890,"href":"https:\/\/sunnyclock.com\/it\/wp-json\/wp\/v2\/pages\/5858\/revisions\/5890"}],"wp:attachment":[{"href":"https:\/\/sunnyclock.com\/it\/wp-json\/wp\/v2\/media?parent=5858"}],"curies":[{"name":"wp","href":"https:\/\/api.w.org\/{rel}","templated":true}]}}