{"id":5856,"date":"2025-03-07T07:10:16","date_gmt":"2025-03-07T07:10:16","guid":{"rendered":"https:\/\/sunnyclockprod.dev.displayme.net\/impressum\/"},"modified":"2025-03-07T09:05:59","modified_gmt":"2025-03-07T09:05:59","slug":"impressum","status":"publish","type":"page","link":"https:\/\/sunnyclock.com\/fr\/impressum\/","title":{"rendered":"Normes de s\u00e9curit\u00e9 pour la protection des enfants"},"content":{"rendered":"<p>La s\u00e9curit\u00e9 de tous nos utilisateurs est une pourpriorit\u00e9 absolue pour SUNNYCLOCK AG (\u00ab\u00a0SUNNYCLOCK\u00a0\u00bb) \u00a0et nous nous engageons \u00e0 faire de notre plateforme un lieu s\u00fbr et respectueux. Conform\u00e9ment aux normes de s\u00e9curit\u00e9 de Google Play pour les enfants, nous avons suivantes \u00e9tabli les normes de s\u00e9curit\u00e9 pour prot\u00e9ger les enfants contre les abus et l&rsquo;exploitation sexuels et pour respecter les lois applicables en mati\u00e8re de protection des enfants.<\/p>\n\n\n<h4 class=\"wp-block-heading\">\u200d1.   Tol\u00e9rance z\u00e9ro pour les abus et l&rsquo;exploitation sexuels des enfants (CSAE)<\/h4>\n\n\n<p>Nous appliquons une politique de tol\u00e9rance z\u00e9ro en mati\u00e8re d&rsquo;abus sexuels et d&rsquo;exploitation d&rsquo;enfants (CSAE) sur notre plate-forme. Tous les comptes impliqu\u00e9s dans de telles activit\u00e9s sont bloqu\u00e9s de mani\u00e8re permanente et signal\u00e9s aux autorit\u00e9s comp\u00e9tentes en vue d&rsquo;une action ult\u00e9rieure .<\/p>\n\n\n<h4 class=\"wp-block-heading\">\u200d2. Directives contre la CSAE<\/h4>\n\n\n<p>SUNNYCLOCK interdit strictement :<\/p>\n<ul>\n<li>la diffusion, la sollicitation ou la promotion de mat\u00e9riel relatif \u00e0 l&rsquo;abus sexuel d&rsquo;enfants (CSAM).<\/li>\n<li>utiliser la plate-forme pour le grooming, l&rsquo;exploitation ou tout autre comportement mettant les enfants en danger.<\/li>\n<li>tout contenu ou toute communication enfreignant les lois sur la protection de l&rsquo;enfance.<\/li>\n<\/ul>\n\n\n<h4 class=\"wp-block-heading\">3.   Message<\/h4>\n\n\n<p>Les utilisateurs peuvent signaler tout comportement ou contenu inappropri\u00e9 par e-mail \u00e0 ask @sunnyclock.com .<\/p>\n<p>En outre, les comportements ou contenus inappropri\u00e9s dans l&rsquo;application SUNNYCLOCK peuvent \u00eatre signal\u00e9s via les param\u00e8tres de groupe avec la fonction \u00ab\u00a0Signaler un groupe\u00a0\u00bb.<\/p>\n\n\n<h4 class=\"wp-block-heading\">4.   Mesures concernant les repr\u00e9sentations d&rsquo;abus sexuels sur des enfants (CSAM)<\/h4>\n\n\n<p>Lorsque des signalements d&rsquo;abus sexuels sur des enfants (CSAM) sont re\u00e7us, SUNNYCLOCK :<\/p>\n<ul>\n<li>imm\u00e9diatement supprime le contenu ill\u00e9gal et le compte responsable .<\/li>\n<li>signale le contenu au &lsquo;National Center for Missing and Exploited Children (NCMEC)&rsquo; ou \u00e0 toute autre autorit\u00e9 comp\u00e9tente, dans le respect de la l\u00e9gislation en vigueur.<\/li>\n<li>coop\u00e8re pleinement avec les autorit\u00e9s charg\u00e9es de faire respecter la loi afin de garantir une action rapide.<\/li>\n<\/ul>\n\n\n<h4 class=\"wp-block-heading\">5.   Respect des lois sur la protection des enfants<\/h4>\n\n\n<p>SUNNYCLOCK se conforme \u00e0 toutes les lois mati\u00e8re de protection des enfants, y applicables en compris les suivantes :<\/p>\n<ul>\n<li>D\u00e9tection et signalement de l&rsquo;exploitation sexuelle des enfants.<\/li>\n<li>R\u00e8gles de confidentialit\u00e9 et de s\u00e9curit\u00e9 pour la protection des mineurs.<\/li>\n<\/ul>\n\n\n<h4 class=\"wp-block-heading\">6.   Point de contact pour les mesures relatives \u00e0 la s\u00e9curit\u00e9 des enfants<\/h4>\n\n\n<p>La soci\u00e9t\u00e9 a un responsable de la d\u00e9sign\u00e9 au respect de ces s\u00e9curit\u00e9 des enfants, Fabio Rusca, charg\u00e9 de veiller et de r\u00e9pondre aux pr\u00e9occupations en la mati\u00e8re. Pour toute demande, rapport ou assistance suppl\u00e9mentaire concernant la s\u00e9curit\u00e9 des enfants, veuillez contacter le normes de s\u00e9curit\u00e9 responsable susmentionn\u00e9 \u00e0 l&rsquo;adresse \u00e9lectronique ask@sunnyclock.com .<\/p>\n\n\n<h4 class=\"wp-block-heading\">7.   Application des normes de s\u00e9curit\u00e9<\/h4>\n\n\n<p>Le non-respect de ces normes de s\u00e9curit\u00e9 peut entra\u00eener la suspension ou la suppression du compte et, dans les cas les plus graves, le signalement aux autorit\u00e9s charg\u00e9es de l&rsquo;application de la loi. SUNNYCLOCK se r\u00e9serve le droit de ces mettre \u00e0 jour en fonction de l&rsquo;\u00e9volution des normes de s\u00e9curit\u00e9 et des lois applicables relatives \u00e0 la protection des enfants .<\/p>\n\n\n<h4 class=\"wp-block-heading\">8.   Imm\u00e9diates mesures en cas de danger<\/h4>\n\n\n<p style=\"text-align: left;\">Si vous pensez qu&rsquo;un enfant est en danger imm\u00e9diat, contactez imm\u00e9diatement les autorit\u00e9s charg\u00e9es de l&rsquo;application des lois locales . Si vous rencontrez des contenus qui respectent pas ces nenormes de s\u00e9curit\u00e9, signalez-les \u00e0 via l&rsquo;option Feedback de l&rsquo;application ou directement par e-mail \u00e0 ask@sunnyclock.com<\/p>\n<p>Pour en savoir plus sur les normes de s\u00e9curit\u00e9 pour les enfants et les exigences sp\u00e9cifiques, consultez le site officiel des <a href=\"https:\/\/support.google.com\/googleplay\/android-developer\/answer\/14747720?hl=en\">normes de s\u00e9curit\u00e9 de Google Play pour la protection des enfants<\/a> .<\/p>\n\n\n<h4 class=\"wp-block-heading\">\u200d<strong>9. Utilisation du site web et de l&rsquo;application par des mineurs<\/strong><\/h4>\n\n\n<p>Le site Internet et l&rsquo;application SUNNYCLOCK s&rsquo;adressent \u00e0 un public adulte. Il est interdit aux mineurs, en particulier aux enfants de moins de 16 ans, de nous transmettre des donn\u00e9es personnelles ou de s&rsquo;inscrire \u00e0 un service sans l&rsquo;accord de leurs parents ou de leurs tuteurs. Si nous constatons que de telles donn\u00e9es nous ont \u00e9t\u00e9 transmises, elles seront supprim\u00e9es. Les parents (ou le repr\u00e9sentant l\u00e9gal) de l&rsquo;enfant peuvent nous contacter pour demander la suppression ou l&rsquo;annulation de l&rsquo;inscription. Pour ce faire, nous avons besoin d&rsquo;une copie d&rsquo;un document officiel qui t&rsquo;identifie en tant que parent ou tuteur l\u00e9gal.<\/p>\n<p>\u200dVersion 1.0 &#8211; 03.07.2025<\/p>","protected":false},"excerpt":{"rendered":"<p>La s\u00e9curit\u00e9 de tous nos utilisateurs est une pourpriorit\u00e9 absolue pour SUNNYCLOCK AG (\u00ab\u00a0SUNNYCLOCK\u00a0\u00bb) \u00a0et nous nous engageons \u00e0 faire de notre plateforme un lieu s\u00fbr et respectueux. Conform\u00e9ment aux normes de s\u00e9curit\u00e9 de Google Play pour les enfants, nous avons suivantes \u00e9tabli les normes de s\u00e9curit\u00e9 pour prot\u00e9ger les enfants contre les abus et [&hellip;]<\/p>\n","protected":false},"author":3,"featured_media":0,"parent":0,"menu_order":0,"comment_status":"closed","ping_status":"closed","template":"page-templates\/content-page.php","meta":{"om_disable_all_campaigns":false,"inline_featured_image":false,"_monsterinsights_skip_tracking":false,"_monsterinsights_sitenote_active":false,"_monsterinsights_sitenote_note":"","_monsterinsights_sitenote_category":0,"footnotes":""},"class_list":["post-5856","page","type-page","status-publish","hentry"],"aioseo_notices":[],"featured_image_urls_v2":{"full":"","thumbnail":"","medium":"","medium_large":"","large":"","1536x1536":"","2048x2048":""},"post_excerpt_stackable_v2":"<p>La s\u00e9curit\u00e9 de tous nos utilisateurs est une pourpriorit\u00e9 absolue pour SUNNYCLOCK AG (\u00ab\u00a0SUNNYCLOCK\u00a0\u00bb) \u00a0et nous nous engageons \u00e0 faire de notre plateforme un lieu s\u00fbr et respectueux. Conform\u00e9ment aux normes de s\u00e9curit\u00e9 de Google Play pour les enfants, nous avons suivantes \u00e9tabli les normes de s\u00e9curit\u00e9 pour prot\u00e9ger les enfants contre les abus et l&rsquo;exploitation sexuels et pour respecter les lois applicables en mati\u00e8re de protection des enfants. \u200d1. Tol\u00e9rance z\u00e9ro pour les abus et l&rsquo;exploitation sexuels des enfants (CSAE) Nous appliquons une politique de tol\u00e9rance z\u00e9ro en mati\u00e8re d&rsquo;abus sexuels et d&rsquo;exploitation d&rsquo;enfants (CSAE) sur notre plate-forme. Tous\u2026<\/p>\n","category_list_v2":"","author_info_v2":{"name":"Sunnyclock Admin","url":"https:\/\/sunnyclock.com\/fr\/author\/sunny_admin\/"},"comments_num_v2":"0 commentaire","_links":{"self":[{"href":"https:\/\/sunnyclock.com\/fr\/wp-json\/wp\/v2\/pages\/5856","targetHints":{"allow":["GET"]}}],"collection":[{"href":"https:\/\/sunnyclock.com\/fr\/wp-json\/wp\/v2\/pages"}],"about":[{"href":"https:\/\/sunnyclock.com\/fr\/wp-json\/wp\/v2\/types\/page"}],"author":[{"embeddable":true,"href":"https:\/\/sunnyclock.com\/fr\/wp-json\/wp\/v2\/users\/3"}],"replies":[{"embeddable":true,"href":"https:\/\/sunnyclock.com\/fr\/wp-json\/wp\/v2\/comments?post=5856"}],"version-history":[{"count":4,"href":"https:\/\/sunnyclock.com\/fr\/wp-json\/wp\/v2\/pages\/5856\/revisions"}],"predecessor-version":[{"id":5885,"href":"https:\/\/sunnyclock.com\/fr\/wp-json\/wp\/v2\/pages\/5856\/revisions\/5885"}],"wp:attachment":[{"href":"https:\/\/sunnyclock.com\/fr\/wp-json\/wp\/v2\/media?parent=5856"}],"curies":[{"name":"wp","href":"https:\/\/api.w.org\/{rel}","templated":true}]}}