{"id":2916,"date":"2020-12-14T10:30:54","date_gmt":"2020-12-14T10:30:54","guid":{"rendered":"https:\/\/sunnyclockprod.dev.displayme.net\/?page_id=2916"},"modified":"2024-09-09T13:00:15","modified_gmt":"2024-09-09T13:00:15","slug":"informations-juridique","status":"publish","type":"page","link":"https:\/\/sunnyclock.com\/fr\/informations-juridique\/","title":{"rendered":"Informations juridique"},"content":{"rendered":"\n<p>Merci de lire attentivement les informations juridiques suivantes avant de continuer \u00e0 utiliser ce site web.<\/p>\n\n\n\n<h4 class=\"wp-block-heading\">1.&nbsp;&nbsp;&nbsp;Conditions d&rsquo;acc\u00e8s et d&rsquo;application<\/h4>\n\n\n<p>En acc\u00e9dant \u00e0 ce site web et \u00e0 ses liens, tu reconnais que tu comprends et acceptes les conditions d&rsquo;utilisation et les informations juridiques suivantes relatives \u00e0 ce site web (et aux \u00e9l\u00e9ments qu&rsquo;il contient). Si tu n&rsquo;es pas d&rsquo;accord avec ces conditions, n&rsquo;acc\u00e8de pas \u00e0 ce site web.<\/p>\n<p>SUNNYCLOCK AG (ci-apr\u00e8s d\u00e9nomm\u00e9e \u00ab\u00a0SUNNYCLOCK\u00a0\u00bb) se r\u00e9serve le droit de modifier \u00e0 tout moment les informations juridiques contenues dans le pr\u00e9sent document, les dispositions en vigueur au moment de l&rsquo;utilisation du site Internet \u00e9tant alors applicables.<\/p>\n\n\n<h4 class=\"wp-block-heading\">2.&nbsp;&nbsp;&nbsp;Aucune offre contraignante<\/h4>\n\n\n<p>L&rsquo;objectif de ce site web est de fournir des informations sur SUNNYCLOCK et ses services. En acc\u00e9dant \u00e0 ce site web, SUNNYCLOCK n&rsquo;entretient aucune relation contractuelle avec l&rsquo;utilisateur. Les contenus et informations publi\u00e9s ne constituent pas une demande d&rsquo;offre ou une offre de service.<\/p>\n\n\n<h4 class=\"wp-block-heading\">3.\u00a0\u00a0\u00a0Copyright et autres droits de protection<\/h4>\n\n\n<p>L&rsquo;ensemble du contenu et de la structure du site web SUNNYCLOCK est prot\u00e9g\u00e9 par le Copyright. Les marques et logos utilis\u00e9s sur le site web sont la propri\u00e9t\u00e9 exclusive de SUNNYCLOCK. L&rsquo;acc\u00e8s au site web SUNNYCLOCK, le t\u00e9l\u00e9chargement ou la copie de donn\u00e9es de ce site ou de parties de celui-ci n&rsquo;accorde \u00e0 l&rsquo;utilisateur aucun droit sur le contenu, les logiciels, les marques, les logos ou tout autre \u00e9l\u00e9ment du site web. La reproduction d&rsquo;informations ou de donn\u00e9es, en particulier l&rsquo;utilisation de textes, d&rsquo;images, de logiciels ou de parties de ceux-ci \u00e0 des fins publiques ou commerciales est strictement interdite sans l&rsquo;accord \u00e9crit pr\u00e9alable de SUNNYCLOCK.<\/p>\n\n\n<h4 class=\"wp-block-heading\">4.&nbsp;&nbsp;&nbsp;Responsabilit\u00e9<\/h4>\n\n\n<p>Bien que SUNNYCLOCK s&rsquo;efforce de s&rsquo;assurer que le contenu publi\u00e9 sur ce site web est \u00e0 jour, correct et complet, SUNNYCLOCK ne peut garantir que les informations publi\u00e9es sur ce site web sont \u00e0 jour, correctes et compl\u00e8tes. Les informations et les donn\u00e9es fournies sur le site web le sont \u00e0 titre d&rsquo;information uniquement.<\/p>\n<p>Le contenu de ce site web ne contient aucune assurance ou garantie. Les recours en responsabilit\u00e9 contre SUNNYCLOCK pour des dommages mat\u00e9riels ou immat\u00e9riels r\u00e9sultant de l&rsquo;acc\u00e8s aux informations et autres contenus, de l&rsquo;utilisation ou de la non-utilisation de ceux-ci, d&rsquo;une mauvaise utilisation de la connexion ou de d\u00e9fauts techniques ou de l&rsquo;acc\u00e8s \u00e0 des sites Internet li\u00e9s sont exclus dans la mesure o\u00f9 la loi le permet.<\/p>\n<p>En outre, SUNNYCLOCK n&rsquo;assume aucune responsabilit\u00e9 et ne garantit pas que l&rsquo;acc\u00e8s \u00e0 ce site Internet sera ininterrompu ou exempt d&rsquo;erreurs, ni que les d\u00e9fauts seront corrig\u00e9s, ni que le site Internet, ses serveurs ou les donn\u00e9es de toute nature sont exempts de virus ou d&rsquo;autres \u00e9l\u00e9ments nuisibles.<\/p>\n\n\n<h4 class=\"wp-block-heading\">5.   Sites web li\u00e9s (liens)<\/h4>\n\n\n<p>Ce site web contient des r\u00e9f\u00e9rences et des liens vers des sites web de tiers. Ces r\u00e9f\u00e9rences et liens vers d&rsquo;autres sites web sont fournis \u00e0 titre d&rsquo;information et de commodit\u00e9 uniquement. Les sites web li\u00e9s ne rel\u00e8vent pas de la responsabilit\u00e9 de SUNNYCLOCK. Nous avons v\u00e9rifi\u00e9 le contenu externe pour toute infraction l\u00e9gale lors de la cr\u00e9ation du lien et n&rsquo;avons pu identifier aucune infraction l\u00e9gale \u00e0 ce moment-l\u00e0. SUNNYCLOCK n&rsquo;a aucune influence sur la conception et le contenu actuels et futurs des sites web li\u00e9s. Un contr\u00f4le r\u00e9gulier des sites web li\u00e9s n&rsquo;est pas raisonnable pour SUNNYCLOCK sans preuves concr\u00e8tes de violations de la loi. Si SUNNYCLOCK a connaissance de violations de la loi, les liens correspondants seront imm\u00e9diatement supprim\u00e9s.<\/p>\n\n\n<h4 class=\"wp-block-heading\">6.&nbsp;&nbsp;&nbsp;Protection des donn\u00e9es<\/h4>\n\n\n<p>SUNNYCLOCK attache une grande importance \u00e0 la protection de vos donn\u00e9es personnelles. Tu peux trouver des informations plus d\u00e9taill\u00e9es sur le traitement de tes donn\u00e9es personnelles dans notre d\u00e9claration sur la protection des donn\u00e9es. Merci de lire attentivement ce document avant d&rsquo;utiliser notre site web ou l\u2019application.<\/p>","protected":false},"excerpt":{"rendered":"<p>Merci de lire attentivement les informations juridiques suivantes avant de continuer \u00e0 utiliser ce site web. 1.&nbsp;&nbsp;&nbsp;Conditions d&rsquo;acc\u00e8s et d&rsquo;application En acc\u00e9dant \u00e0 ce site web et \u00e0 ses liens, tu reconnais que tu comprends et acceptes les conditions d&rsquo;utilisation et les informations juridiques suivantes relatives \u00e0 ce site web (et aux \u00e9l\u00e9ments qu&rsquo;il contient). [&hellip;]<\/p>\n","protected":false},"author":1,"featured_media":0,"parent":0,"menu_order":0,"comment_status":"closed","ping_status":"closed","template":"page-templates\/content-page.php","meta":{"om_disable_all_campaigns":false,"inline_featured_image":false,"_monsterinsights_skip_tracking":false,"_monsterinsights_sitenote_active":false,"_monsterinsights_sitenote_note":"","_monsterinsights_sitenote_category":0,"footnotes":""},"class_list":["post-2916","page","type-page","status-publish","hentry"],"aioseo_notices":[],"featured_image_urls_v2":{"full":"","thumbnail":"","medium":"","medium_large":"","large":"","1536x1536":"","2048x2048":""},"post_excerpt_stackable_v2":"<p>Merci de lire attentivement les informations juridiques suivantes avant de continuer \u00e0 utiliser ce site web. 1.&nbsp;&nbsp;&nbsp;Conditions d&rsquo;acc\u00e8s et d&rsquo;application En acc\u00e9dant \u00e0 ce site web et \u00e0 ses liens, tu reconnais que tu comprends et acceptes les conditions d&rsquo;utilisation et les informations juridiques suivantes relatives \u00e0 ce site web (et aux \u00e9l\u00e9ments qu&rsquo;il contient). Si tu n&rsquo;es pas d&rsquo;accord avec ces conditions, n&rsquo;acc\u00e8de pas \u00e0 ce site web. SUNNYCLOCK AG (ci-apr\u00e8s d\u00e9nomm\u00e9e \u00ab\u00a0SUNNYCLOCK\u00a0\u00bb) se r\u00e9serve le droit de modifier \u00e0 tout moment les informations juridiques contenues dans le pr\u00e9sent document, les dispositions en vigueur au moment de l&rsquo;utilisation du\u2026<\/p>\n","category_list_v2":"","author_info_v2":{"name":"admin","url":"https:\/\/sunnyclock.com\/fr\/author\/scwc_admin\/"},"comments_num_v2":"0 commentaire","_links":{"self":[{"href":"https:\/\/sunnyclock.com\/fr\/wp-json\/wp\/v2\/pages\/2916","targetHints":{"allow":["GET"]}}],"collection":[{"href":"https:\/\/sunnyclock.com\/fr\/wp-json\/wp\/v2\/pages"}],"about":[{"href":"https:\/\/sunnyclock.com\/fr\/wp-json\/wp\/v2\/types\/page"}],"author":[{"embeddable":true,"href":"https:\/\/sunnyclock.com\/fr\/wp-json\/wp\/v2\/users\/1"}],"replies":[{"embeddable":true,"href":"https:\/\/sunnyclock.com\/fr\/wp-json\/wp\/v2\/comments?post=2916"}],"version-history":[{"count":4,"href":"https:\/\/sunnyclock.com\/fr\/wp-json\/wp\/v2\/pages\/2916\/revisions"}],"predecessor-version":[{"id":4645,"href":"https:\/\/sunnyclock.com\/fr\/wp-json\/wp\/v2\/pages\/2916\/revisions\/4645"}],"wp:attachment":[{"href":"https:\/\/sunnyclock.com\/fr\/wp-json\/wp\/v2\/media?parent=2916"}],"curies":[{"name":"wp","href":"https:\/\/api.w.org\/{rel}","templated":true}]}}