{"id":5857,"date":"2025-03-07T07:10:16","date_gmt":"2025-03-07T07:10:16","guid":{"rendered":"https:\/\/sunnyclockprod.dev.displayme.net\/impressum\/"},"modified":"2025-03-07T08:27:07","modified_gmt":"2025-03-07T08:27:07","slug":"impressum","status":"publish","type":"page","link":"https:\/\/sunnyclock.com\/de\/impressum\/","title":{"rendered":"Sicherheitsstandards zum Schutz von Kindern"},"content":{"rendered":"<p>Die Sicherheit all unserer Nutzer hat f\u00fcr die SUNNYCLOCK AG (\u00abSUNNYCLOCK\u00bb) h\u00f6chste Priorit\u00e4t, und wir setzen uns daf\u00fcr ein, dass unsere Plattform ein sicherer und respektvoller Ort ist. In \u00dcbereinstimmung mit den Google Play-Sicherheitsstandards f\u00fcr Kinder haben wir die folgenden Sicherheitsstandards zum Schutz vor sexuellem Missbrauch und sexueller Ausbeutung von Kindern sowie zur Einhaltung der geltenden Gesetze zum Schutz von Kindern festgelegt.<\/p>\n\n\n<h4 class=\"wp-block-heading\">\u200d1.   Null-Toleranz gegen\u00fcber sexuellem Missbrauch und sexueller Ausbeutung von Kindern (CSAE)<\/h4>\n\n\n<p>Wir vertreten eine Null-Toleranz-Politik gegen\u00fcber sexuellem Missbrauch und Ausbeutung von Kindern (CSAE) auf unserer Plattform. Alle Konten, die in solche Aktivit\u00e4ten verwickelt sind, werden dauerhaft gesperrt und den zust\u00e4ndigen Beh\u00f6rden f\u00fcr weitere Massnahmen gemeldet.<\/p>\n\n\n<h4 class=\"wp-block-heading\">\u200d2.   Richtlinien gegen CSAE<\/h4>\n\n\n<p>SUNNYCLOCK untersagt strikt:<\/p>\n<ul>\n<li>die Weitergabe, Aufforderung oder F\u00f6rderung von Material \u00fcber sexuellen Kindesmissbrauch (CSAM).<\/li>\n<li>die Nutzung der Plattform f\u00fcr Grooming, Ausbeutung oder jedes andere Verhalten, das Kinder gef\u00e4hrdet.<\/li>\n<li>jegliche Inhalte oder Kommunikation, die gegen Kinderschutzgesetze verst\u00f6sst.<\/li>\n<\/ul>\n\n\n<h4 class=\"wp-block-heading\">3.   Meldung<\/h4>\n\n\n<p>Nutzer k\u00f6nnen unangemessenes Verhalten oder unangemessene Inhalte per E-Mail an ask@sunnyclock.com melden.<\/p>\n<p>Dar\u00fcber hinaus k\u00f6nnen unangemessene Verhaltensweisen oder Inhalte in der SUNNYCLOCK-App \u00fcber die Gruppeneinstellungen mit der Funktion \u201eGruppe melden\u201c gemeldet werden.<\/p>\n\n\n<h4 class=\"wp-block-heading\">4.   Massnahmen betreffend Darstellungen des sexuellen Missbrauchs von Kindern (CSAM)<\/h4>\n\n\n<p>Wenn Meldungen betreffend Darstellungen des sexuellen Missbrauchs von Kindern (CSAM) eingehen, wird SUNNYCLOCK:<\/p>\n<ul>\n<li>sofort den illegalen Inhalt entfernen und das verantwortliche Konto sperren<\/li>\n<li>den betreffenden Inhalt an das National Center for Missing and Exploited Children (NCMEC) oder einer anderen zust\u00e4ndigen Beh\u00f6rden unter Einhaltung der geltenden Gesetzen<\/li>\n<li>melden.uneingeschr\u00e4nkt mit den Strafverfolgungsbeh\u00f6rden kooperieren, um ein schnelles Handeln zu gew\u00e4hrleisten.<\/li>\n<\/ul>\n\n\n<h4 class=\"wp-block-heading\">5.   Einhaltung der Gesetze zum Schutz von Kindern<\/h4>\n\n\n<p>SUNNYCLOCK h\u00e4lt sich an alle anwendbaren Gesetze zum Schutz von Kindern, einschliesslich der Folgenden:<\/p>\n<ul>\n<li>Erkennung und Meldung von sexueller Ausbeutung von Kindern.<\/li>\n<li>Datenschutz- und Sicherheitsbestimmungen zum Schutz von Minderj\u00e4hrigen.<\/li>\n<\/ul>\n\n\n<h4 class=\"wp-block-heading\">6.   Kontaktstelle f\u00fcr Massnahmen bez\u00fcglich der Sicherheit von Kindern<\/h4>\n\n\n<p>Das Unternehmen hat einen Beauftragten f\u00fcr Sicherheit von Kindern, Fabio Rusca, benannt, der die Einhaltung dieser Sicherheitsstandards \u00fcberwacht und sich um diesbez\u00fcgliche Anliegen k\u00fcmmert. F\u00fcr Anfragen, Berichte oder zus\u00e4tzliche Unterst\u00fctzung in Bezug auf die Sicherheit von Kindern, wenden Sie sich bitte an den vorgenannten Beauftragten unter der E-Mail-Adresse ask@sunnyclock.com.<\/p>\n\n\n<h4 class=\"wp-block-heading\">7.   Durchsetzung der Sicherheitsstandards<\/h4>\n\n\n<p>Die Nichteinhaltung diese Sicherheitsstandards kann zur Sperrung oder L\u00f6schung des Kontos und in schwerwiegenden F\u00e4llen zur Meldung an die Strafverfolgungsbeh\u00f6rden f\u00fchren. SUNNYCLOCK beh\u00e4lt sich das Recht vor, diese Sicherheitsstandards im Einklang mit \u00c4nderungen der Sicherheitsstandards zum Schutz von Kindern und der geltenden Gesetze zu aktualisieren.<\/p>\n\n\n<h4 class=\"wp-block-heading\">\u200d8.   Sofortige Massnahmen im Falle einer Gef\u00e4hrdung<\/h4>\n\n\n<p>Wenn Sie vermuten, dass ein Kind in unmittelbarer Gefahr ist, wenden Sie sich bitte sofort an die Strafverfolgungsbeh\u00f6rden vor Ort. Wenn Sie auf Inhalte stossen, die gegen diese Sicherheitsstandards verstossen, melden Sie diese \u00fcber die Feedback Option in der App oder direkt per E-Mail an die ask@sunnylock.com.<\/p>\n<p>Weitere Informationen \u00fcber die Sicherheitsstandards f\u00fcr Kinder und die spezifischen Anforderungen finden Sie auf der offiziellen Website <a href=\"https:\/\/support.google.com\/googleplay\/android-developer\/answer\/14747720?hl=en\">Google Play Sicherheitsstandards zum Schutz von Kindern<\/a>.<\/p>\n\n\n<h4 class=\"wp-block-heading\">\u200d9. Nutzung der Website und der App durch Minderj\u00e4hrige<\/h4>\n\n\n<p>Die Webseite und die SUNNYCLOCK-App richtet sich an ein erwachsenes Publikum. Es ist Minderj\u00e4hrigen, insbesondere Kindern unter 16 Jahren untersagt, ohne Einwilligung respektive Zustimmung der Eltern oder Erziehungsberechtigten, Personendaten von sich an uns zu \u00fcbermitteln oder sich f\u00fcr eine Dienstleistung anzumelden. Stellen wir fest, dass solche Daten an uns \u00fcbermittelt worden sind, werden diese gel\u00f6scht. Die Eltern (oder der gesetzliche Vertreter) des Kindes k\u00f6nnen mit uns in Kontakt treten und die L\u00f6schung oder die Abmeldung beantragen. Dazu ben\u00f6tigen wir eine Kopie eines offiziellen Dokumentes, das Dich als Elternteil oder erziehungsberechtigte Person ausweist.<\/p>\n<p>\u200dVersion 1.0 &#8211; 07.03.2025<\/p>","protected":false},"excerpt":{"rendered":"<p>Die Sicherheit all unserer Nutzer hat f\u00fcr die SUNNYCLOCK AG (\u00abSUNNYCLOCK\u00bb) h\u00f6chste Priorit\u00e4t, und wir setzen uns daf\u00fcr ein, dass unsere Plattform ein sicherer und respektvoller Ort ist. In \u00dcbereinstimmung mit den Google Play-Sicherheitsstandards f\u00fcr Kinder haben wir die folgenden Sicherheitsstandards zum Schutz vor sexuellem Missbrauch und sexueller Ausbeutung von Kindern sowie zur Einhaltung der [&hellip;]<\/p>\n","protected":false},"author":3,"featured_media":0,"parent":0,"menu_order":0,"comment_status":"closed","ping_status":"closed","template":"page-templates\/content-page.php","meta":{"om_disable_all_campaigns":false,"inline_featured_image":false,"_monsterinsights_skip_tracking":false,"_monsterinsights_sitenote_active":false,"_monsterinsights_sitenote_note":"","_monsterinsights_sitenote_category":0,"footnotes":""},"class_list":["post-5857","page","type-page","status-publish","hentry"],"aioseo_notices":[],"featured_image_urls_v2":{"full":"","thumbnail":"","medium":"","medium_large":"","large":"","1536x1536":"","2048x2048":""},"post_excerpt_stackable_v2":"<p>Die Sicherheit all unserer Nutzer hat f\u00fcr die SUNNYCLOCK AG (\u00abSUNNYCLOCK\u00bb) h\u00f6chste Priorit\u00e4t, und wir setzen uns daf\u00fcr ein, dass unsere Plattform ein sicherer und respektvoller Ort ist. In \u00dcbereinstimmung mit den Google Play-Sicherheitsstandards f\u00fcr Kinder haben wir die folgenden Sicherheitsstandards zum Schutz vor sexuellem Missbrauch und sexueller Ausbeutung von Kindern sowie zur Einhaltung der geltenden Gesetze zum Schutz von Kindern festgelegt. \u200d1. Null-Toleranz gegen\u00fcber sexuellem Missbrauch und sexueller Ausbeutung von Kindern (CSAE) Wir vertreten eine Null-Toleranz-Politik gegen\u00fcber sexuellem Missbrauch und Ausbeutung von Kindern (CSAE) auf unserer Plattform. Alle Konten, die in solche Aktivit\u00e4ten verwickelt sind, werden dauerhaft gesperrt und&hellip;<\/p>\n","category_list_v2":"","author_info_v2":{"name":"Sunnyclock Admin","url":"https:\/\/sunnyclock.com\/de\/author\/sunny_admin\/"},"comments_num_v2":"0 comments","_links":{"self":[{"href":"https:\/\/sunnyclock.com\/de\/wp-json\/wp\/v2\/pages\/5857","targetHints":{"allow":["GET"]}}],"collection":[{"href":"https:\/\/sunnyclock.com\/de\/wp-json\/wp\/v2\/pages"}],"about":[{"href":"https:\/\/sunnyclock.com\/de\/wp-json\/wp\/v2\/types\/page"}],"author":[{"embeddable":true,"href":"https:\/\/sunnyclock.com\/de\/wp-json\/wp\/v2\/users\/3"}],"replies":[{"embeddable":true,"href":"https:\/\/sunnyclock.com\/de\/wp-json\/wp\/v2\/comments?post=5857"}],"version-history":[{"count":5,"href":"https:\/\/sunnyclock.com\/de\/wp-json\/wp\/v2\/pages\/5857\/revisions"}],"predecessor-version":[{"id":5874,"href":"https:\/\/sunnyclock.com\/de\/wp-json\/wp\/v2\/pages\/5857\/revisions\/5874"}],"wp:attachment":[{"href":"https:\/\/sunnyclock.com\/de\/wp-json\/wp\/v2\/media?parent=5857"}],"curies":[{"name":"wp","href":"https:\/\/api.w.org\/{rel}","templated":true}]}}