{"id":2906,"date":"2020-12-14T10:10:49","date_gmt":"2020-12-14T10:10:49","guid":{"rendered":"https:\/\/sunnyclockprod.dev.displayme.net\/?page_id=2906"},"modified":"2024-09-09T13:00:54","modified_gmt":"2024-09-09T13:00:54","slug":"rechtliche-hinweise","status":"publish","type":"page","link":"https:\/\/sunnyclock.com\/de\/rechtliche-hinweise\/","title":{"rendered":"Rechtliche Hinweise"},"content":{"rendered":"<p>Bitte lese die nachfolgenden rechtlichen Hinweise aufmerksam durch, bevor Du die Website weiter nutzt.<\/p>\n\n\n<h4 class=\"wp-block-heading\">1.\u00a0\u00a0\u00a0Zugriffs- und Anwendungsbedingungen<\/h4>\n\n\n<p>Mit dem Zugriff auf diese Webseite und ihrer Links erkl\u00e4rst Du, dass Du die nachfolgenden Anwendungsbedingungen und rechtlichen Informationen im Zusammenhang mit dieser Website (und den darin enthaltenen Elementen), verstanden hast und diese anerkennest. Solltest Du mit diesen Bedingungen nicht einverstanden sein, bitten wir Dich, den Zugriff auf diese Webseite, zu unterlassen.<\/p>\n<p>SUNNYCLOCK AG (nachfolgend \u201eSUNNYCLOCK\u201c) beh\u00e4lt sich das Recht vor, jederzeit \u00c4nderungen der hier aufgef\u00fchrten rechtlichen Hinweise vorzunehmen, wobei jeweils die zum Zeitpunkt der Nutzung der Webseite g\u00fcltigen Bestimmungen gelten.<\/p>\n\n\n<h4 class=\"wp-block-heading\"> 3.\u00a0\u00a0\u00a0Kein verbindliches Angebot<\/h4>\n\n\n<p>Der Zweck dieser Website ist die Informationsvermittlung \u00fcber SUNNYCLOCK und ihre Dienstleistungen. Durch das Aufrufen dieser Website geht SUNNYCLOCK mit dem Benutzer keinerlei vertragliche Beziehung ein. Die publizierten Inhalte und Informationen begr\u00fcnden weder eine Aufforderung zur Offertenstellung noch ein Angebot.<\/p>\n\n\n<h4 class=\"wp-block-heading\">3.\u00a0\u00a0\u00a0Urheberrecht und andere Schutzrechte<\/h4>\n\n\n<p>Der gesamte Inhalt und die Struktur der Webseite von SUNNYCLOCK ist urheberrechtlich gesch\u00fctzt. Die auf der Webseite verwendeten Marken und Logos sind exklusives Eigentum von SUNNYCLOCK. Durch den Zugriff auf die Webseite von SUNNYCLOCK, das Herunterladen oder Kopieren von Daten dieser Webseite oder Teilen davon, werden dem Benutzer keinerlei Rechte am Inhalt, Software, Marken, Logos oder sonst einem Element der Webseite einger\u00e4umt. Die Vervielf\u00e4ltigung von Informationen oder Daten, insbesondere die Verwendung von Texten, Bildmaterial, Software oder Teilen davon f\u00fcr einen \u00f6ffentlichen oder kommerziellen Zweck ist ohne vorherige schriftliche Zustimmung von SUNNYCLOCK strikt untersagt.<\/p>\n\n\n<h4 class=\"wp-block-heading\">4.\u00a0\u00a0\u00a0Haftung<\/h4>\n\n\n\n<p>Obwohl SUNNYCLOCK mit aller Sorgfalt darum bem\u00fcht ist, die\nauf dieser Webseite ver\u00f6ffentlichten Inhalte aktuell, richtig und vollst\u00e4ndig\nzu halten, kann die Aktualit\u00e4t, Richtigkeit und Vollst\u00e4ndigkeit, der auf dieser\nWebseite ver\u00f6ffentlichten Informationen nicht gew\u00e4hrleistet werden. Die auf der\nWebseite zur Verf\u00fcgung gestellten Informationen und Daten dienen einzig\nInformationszwecken. <\/p>\n\n\n\n<p>Die Inhalte dieser Website beinhalten keinerlei\nZusicherungen oder Garantien. Haftungsanspr\u00fcche gegen SUNNYCLOCK wegen Sch\u00e4den\nmaterieller oder immaterieller Art, welche aus dem Zugriff oder der Nutzung\nbzw. Nichtnutzung von Informationen und anderen Inhalten, durch Missbrauch der\nVerbindung oder durch technische St\u00f6rungen oder durch den Zugriff auf verlinkte\nWebseiten entstanden sind, werden soweit gesetzlich zul\u00e4ssig, ausgeschlossen.<\/p>\n\n\n\n<p>Zudem \u00fcbernimmt SUNNYCLOCK keine Verantwortung und gibt keine Garantie daf\u00fcr ab, dass der Zugriff auf diese Webseite ohne Unterbrechungen bzw. fehlerfrei verl\u00e4uft oder Fehler behoben werden oder dass die Webseite, die jeweiligen Server oder Daten aller Art frei von Viren oder sonstigen sch\u00e4dlichen Bestandteilen sind.<\/p>\n\n\n\n<h4 class=\"wp-block-heading\">5.\u00a0\u00a0\u00a0Verkn\u00fcpfte Webseiten (Links)<\/h4>\n\n\n<p>Diese Website enth\u00e4lt Verweise und Verkn\u00fcpfungen zu Webseiten Dritter. Diese Verweise und Verkn\u00fcpfungen auf andere Webseiten werden nur zu Ihrer Information und Annehmlichkeit bereitgestellt. Die verkn\u00fcpften Webseiten liegen ausserhalb des Verantwortungsbereichs von SUNNYCLOCK. Wir haben bei der erstmaligen Verkn\u00fcpfung die fremden Inhalte auf allf\u00e4llige Rechtsverst\u00f6sse hin \u00fcberpr\u00fcft und konnte zu diesem Zeitpunkt keinerlei Rechtsverst\u00f6sse feststellen. SUNNYCLOCK hat keinerlei Einfluss auf die aktuelle und zuk\u00fcnftige Gestaltung und Inhalte verkn\u00fcpfter Webseiten. Eine regelm\u00e4ssige Kontrolle der verkn\u00fcpften Webseiten ist f\u00fcr SUNNYCLOCK ohne konkrete Hinweise auf Rechtsverst\u00f6sse nicht zumutbar. Sollten SUNNYCLOCK Rechtsverst\u00f6sse bekannt werden, so werden die entsprechenden Verkn\u00fcpfungen umgehend entfernen.<\/p>\n\n\n<h4 class=\"wp-block-heading\">6.\u00a0\u00a0\u00a0Datenschutz<\/h4>\n\n\n<p>SUNNYCLOCK legt grossen Wert auf den Schutz Deiner personenbezogenen Daten. Detailliertere Informationen zur Bearbeitung Deiner personenbezogenen Daten kannst Du unserer Datenschutzerkl\u00e4rung\u00a0 entnehmen. Bitte lies diese vor der Nutzung unserer Webseite oder App aufmerksam durch.<\/p>","protected":false},"excerpt":{"rendered":"<p>Bitte lese die nachfolgenden rechtlichen Hinweise aufmerksam durch, bevor Du die Website weiter nutzt. 1.\u00a0\u00a0\u00a0Zugriffs- und Anwendungsbedingungen Mit dem Zugriff auf diese Webseite und ihrer Links erkl\u00e4rst Du, dass Du die nachfolgenden Anwendungsbedingungen und rechtlichen Informationen im Zusammenhang mit dieser Website (und den darin enthaltenen Elementen), verstanden hast und diese anerkennest. Solltest Du mit diesen [&hellip;]<\/p>\n","protected":false},"author":1,"featured_media":0,"parent":0,"menu_order":0,"comment_status":"closed","ping_status":"closed","template":"page-templates\/content-page.php","meta":{"om_disable_all_campaigns":false,"inline_featured_image":false,"_monsterinsights_skip_tracking":false,"_monsterinsights_sitenote_active":false,"_monsterinsights_sitenote_note":"","_monsterinsights_sitenote_category":0,"footnotes":""},"class_list":["post-2906","page","type-page","status-publish","hentry"],"aioseo_notices":[],"featured_image_urls_v2":{"full":"","thumbnail":"","medium":"","medium_large":"","large":"","1536x1536":"","2048x2048":""},"post_excerpt_stackable_v2":"<p>Bitte lese die nachfolgenden rechtlichen Hinweise aufmerksam durch, bevor Du die Website weiter nutzt. 1.\u00a0\u00a0\u00a0Zugriffs- und Anwendungsbedingungen Mit dem Zugriff auf diese Webseite und ihrer Links erkl\u00e4rst Du, dass Du die nachfolgenden Anwendungsbedingungen und rechtlichen Informationen im Zusammenhang mit dieser Website (und den darin enthaltenen Elementen), verstanden hast und diese anerkennest. Solltest Du mit diesen Bedingungen nicht einverstanden sein, bitten wir Dich, den Zugriff auf diese Webseite, zu unterlassen. SUNNYCLOCK AG (nachfolgend \u201eSUNNYCLOCK\u201c) beh\u00e4lt sich das Recht vor, jederzeit \u00c4nderungen der hier aufgef\u00fchrten rechtlichen Hinweise vorzunehmen, wobei jeweils die zum Zeitpunkt der Nutzung der Webseite g\u00fcltigen Bestimmungen gelten. 3.\u00a0\u00a0\u00a0Kein verbindliches&hellip;<\/p>\n","category_list_v2":"","author_info_v2":{"name":"admin","url":"https:\/\/sunnyclock.com\/de\/author\/scwc_admin\/"},"comments_num_v2":"0 comments","_links":{"self":[{"href":"https:\/\/sunnyclock.com\/de\/wp-json\/wp\/v2\/pages\/2906","targetHints":{"allow":["GET"]}}],"collection":[{"href":"https:\/\/sunnyclock.com\/de\/wp-json\/wp\/v2\/pages"}],"about":[{"href":"https:\/\/sunnyclock.com\/de\/wp-json\/wp\/v2\/types\/page"}],"author":[{"embeddable":true,"href":"https:\/\/sunnyclock.com\/de\/wp-json\/wp\/v2\/users\/1"}],"replies":[{"embeddable":true,"href":"https:\/\/sunnyclock.com\/de\/wp-json\/wp\/v2\/comments?post=2906"}],"version-history":[{"count":8,"href":"https:\/\/sunnyclock.com\/de\/wp-json\/wp\/v2\/pages\/2906\/revisions"}],"predecessor-version":[{"id":4657,"href":"https:\/\/sunnyclock.com\/de\/wp-json\/wp\/v2\/pages\/2906\/revisions\/4657"}],"wp:attachment":[{"href":"https:\/\/sunnyclock.com\/de\/wp-json\/wp\/v2\/media?parent=2906"}],"curies":[{"name":"wp","href":"https:\/\/api.w.org\/{rel}","templated":true}]}}